{"id":1249,"date":"2010-12-10T00:07:05","date_gmt":"2010-12-09T22:07:05","guid":{"rendered":"http:\/\/modeltalking.hobbyart.sk\/?page_id=1249"},"modified":"2011-04-18T19:24:37","modified_gmt":"2011-04-18T17:24:37","slug":"site-map-mapa","status":"publish","type":"page","link":"http:\/\/modeltalking.hobbyart.sk\/?page_id=1249","title":{"rendered":"Site Map \/ Preh\u013ead str\u00e1nky"},"content":{"rendered":"<p style=\"text-align: left;\">The Basic Categories: English and Slovak.<br \/>\nZ\u00e1kladn\u00e9 kateg\u00f3rie: English a Slovensky.<\/p>\n<p><a href=\"https:\/\/i0.wp.com\/modeltalking.hobbyart.sk\/wp-content\/uploads\/2010\/09\/icon-1.gif\"><img loading=\"lazy\" class=\"alignleft size-full wp-image-25\" title=\"icon-1\" src=\"https:\/\/i0.wp.com\/modeltalking.hobbyart.sk\/wp-content\/uploads\/2010\/09\/icon-1.gif?resize=24%2C15\" alt=\"\" width=\"24\" height=\"15\" data-recalc-dims=\"1\" \/><\/a><span style=\"color: #993300;\"><strong><span style=\"color: #000000;\"><a href=\"http:\/\/modeltalking.hobbyart.sk\/?cat=3\" target=\"_blank\">English<\/a> <span style=\"font-weight: normal;\">with subcategory:<\/span><\/span><\/strong><\/span><\/p>\n<p style=\"padding-left: 90px;\"><span style=\"color: #800000;\"><strong><span style=\"color: #000000;\"><a href=\"http:\/\/modeltalking.hobbyart.sk\/?cat=6\" target=\"_blank\">Airplanes<\/a><\/span><\/strong><\/span><\/p>\n<p style=\"padding-left: 120px;\"><span style=\"color: #800000;\"><span style=\"color: #000000;\"><a href=\"http:\/\/modeltalking.hobbyart.sk\/?cat=22\" target=\"_blank\">Built kits<\/a><\/span><\/span><\/p>\n<p style=\"padding-left: 120px;\"><span style=\"font-family: Georgia, 'Bitstream Charter', serif; line-height: 24px; font-size: 16px; color: #000000;\"><a href=\"http:\/\/modeltalking.hobbyart.sk\/?cat=21\" target=\"_blank\">References<\/a><br \/>\n<\/span><\/p>\n<p style=\"padding-left: 90px;\"><span style=\"color: #800000;\"><strong><span style=\"color: #000000;\"><br \/>\n<\/span><\/strong><\/span><\/p>\n<p style=\"text-align: left;\"><a href=\"https:\/\/i0.wp.com\/modeltalking.hobbyart.sk\/wp-content\/uploads\/2010\/09\/icon.gif\"><img loading=\"lazy\" class=\"size-full wp-image-26 alignleft\" title=\"icon\" src=\"https:\/\/i0.wp.com\/modeltalking.hobbyart.sk\/wp-content\/uploads\/2010\/09\/icon.gif?resize=24%2C15\" alt=\"\" width=\"24\" height=\"15\" data-recalc-dims=\"1\" \/><\/a><span style=\"color: #993300;\"><strong><span style=\"color: #000000;\"><a href=\"http:\/\/modeltalking.hobbyart.sk\/?cat=4\" target=\"_blank\">Slovensky<\/a> <span style=\"font-weight: normal;\">s podkateg\u00f3riami:<\/span><\/span><\/strong><\/span><\/p>\n<p style=\"padding-left: 90px;\"><span style=\"font-family: Georgia, 'Bitstream Charter', serif; line-height: 24px; font-size: 16px;\"><strong><span style=\"color: #000000;\"><a href=\"http:\/\/modeltalking.hobbyart.sk\/?cat=7\" target=\"_blank\">Burza modelov <\/a><\/span><\/strong><\/span><\/p>\n<p style=\"padding-left: 120px;\"><span style=\"font-family: Georgia, 'Bitstream Charter', serif; line-height: 24px; font-size: 16px; color: #000000;\"><a href=\"http:\/\/modeltalking.hobbyart.sk\/?cat=13\" target=\"_blank\">Pred\u00e1m<\/a><\/span><\/p>\n<p style=\"padding-left: 120px;\"><a href=\"http:\/\/modeltalking.hobbyart.sk\/?cat=13\" target=\"_blank\"> <\/a><\/p>\n<p style=\"padding-left: 120px;\">K\u00fapim\u00a0(moment\u00e1lne pr\u00e1zdna)<\/p>\n<p style=\"padding-left: 120px;\">Vymen\u00edm (moment\u00e1lne pr\u00e1zdna)<\/p>\n<p style=\"padding-left: 90px;\"><span style=\"font-family: Georgia, 'Bitstream Charter', serif; line-height: 24px; font-size: 16px;\"><strong><span style=\"color: #000000;\"><a href=\"http:\/\/modeltalking.hobbyart.sk\/?cat=5\" target=\"_blank\">Lietadl\u00e1<\/a><\/span><\/strong><\/span><\/p>\n<p style=\"padding-left: 120px;\"><span style=\"font-family: Georgia, 'Bitstream Charter', serif; line-height: 24px; font-size: 16px;\"><span style=\"color: #000000;\"><a href=\"http:\/\/modeltalking.hobbyart.sk\/?cat=18\" target=\"_blank\">Postaven\u00e9 modely<\/a><\/span><\/span><\/p>\n<p style=\"padding-left: 120px;\"><a href=\"http:\/\/modeltalking.hobbyart.sk\/?cat=16\" target=\"_blank\">Podklady<\/a><\/p>\n<p style=\"padding-left: 90px;\"><strong><a href=\"http:\/\/modeltalking.hobbyart.sk\/?cat=20\" target=\"_blank\">N\u00e1pady<\/a><\/strong><\/p>\n<p style=\"padding-left: 90px;\"><strong><a href=\"http:\/\/modeltalking.hobbyart.sk\/?cat=17\" target=\"_blank\">V\u00fdstavy a s\u00fa\u0165a\u017ee<\/a><\/strong><\/p>\n<p style=\"padding-left: 90px;\"><strong><span style=\"color: #3366ff;\"><a href=\"http:\/\/modeltalking.hobbyart.sk\/?cat=23\">Nostalgia<\/a><\/span><\/strong><\/p>\n","protected":false},"excerpt":{"rendered":"<p>The Basic Categories: English and Slovak. Z\u00e1kladn\u00e9 kateg\u00f3rie: English a Slovensky. English with subcategory: Airplanes Built kits References Slovensky s podkateg\u00f3riami: Burza modelov Pred\u00e1m K\u00fapim\u00a0(moment\u00e1lne pr\u00e1zdna) Vymen\u00edm (moment\u00e1lne pr\u00e1zdna) Lietadl\u00e1 Postaven\u00e9 modely Podklady N\u00e1pady V\u00fdstavy a s\u00fa\u0165a\u017ee Nostalgia<\/p>\n","protected":false},"author":1,"featured_media":0,"parent":0,"menu_order":0,"comment_status":"open","ping_status":"open","template":"","meta":{"jetpack_post_was_ever_published":false},"jetpack_shortlink":"https:\/\/wp.me\/P3opQF-k9","jetpack_sharing_enabled":true,"_links":{"self":[{"href":"http:\/\/modeltalking.hobbyart.sk\/index.php?rest_route=\/wp\/v2\/pages\/1249"}],"collection":[{"href":"http:\/\/modeltalking.hobbyart.sk\/index.php?rest_route=\/wp\/v2\/pages"}],"about":[{"href":"http:\/\/modeltalking.hobbyart.sk\/index.php?rest_route=\/wp\/v2\/types\/page"}],"author":[{"embeddable":true,"href":"http:\/\/modeltalking.hobbyart.sk\/index.php?rest_route=\/wp\/v2\/users\/1"}],"replies":[{"embeddable":true,"href":"http:\/\/modeltalking.hobbyart.sk\/index.php?rest_route=%2Fwp%2Fv2%2Fcomments&post=1249"}],"version-history":[{"count":60,"href":"http:\/\/modeltalking.hobbyart.sk\/index.php?rest_route=\/wp\/v2\/pages\/1249\/revisions"}],"predecessor-version":[{"id":2274,"href":"http:\/\/modeltalking.hobbyart.sk\/index.php?rest_route=\/wp\/v2\/pages\/1249\/revisions\/2274"}],"wp:attachment":[{"href":"http:\/\/modeltalking.hobbyart.sk\/index.php?rest_route=%2Fwp%2Fv2%2Fmedia&parent=1249"}],"curies":[{"name":"wp","href":"https:\/\/api.w.org\/{rel}","templated":true}]}}