{"id":2,"date":"2010-09-24T21:50:42","date_gmt":"2010-09-24T21:50:42","guid":{"rendered":"http:\/\/modeltalking.hobbyart.sk\/?page_id=2"},"modified":"2011-01-06T20:44:49","modified_gmt":"2011-01-06T18:44:49","slug":"about","status":"publish","type":"page","link":"http:\/\/modeltalking.hobbyart.sk\/?page_id=2","title":{"rendered":"About my blog \/ O mojom blogu"},"content":{"rendered":"<p style=\"text-align: justify;\"><a href=\"https:\/\/i0.wp.com\/modeltalking.hobbyart.sk\/wp-content\/uploads\/2010\/09\/icon-1.gif\"><img loading=\"lazy\" class=\"size-full wp-image-25 alignnone\" title=\"icon-1\" src=\"https:\/\/i0.wp.com\/modeltalking.hobbyart.sk\/wp-content\/uploads\/2010\/09\/icon-1.gif?resize=24%2C15\" alt=\"\" width=\"24\" height=\"15\" data-recalc-dims=\"1\" \/><\/a><br \/>\nMy blog is about the plastic kits, building and\/or comparing similar kits, pros and cons of particular\u00a0ones, available accessories\/sets and possible upgrading. I like your feedback, so do not hesitate to comment &#8211; you can share your own opinions, experiences, practices and hints, every good advice is welcome. Also any useful reference photographs or links are highly valued by every modeller, so you can share them here.<br \/>\n<strong><span style=\"color: #333333;\">How to find particular articles:<\/span><\/strong> Please select the desired Category &#8211; use the\u00a0<strong><span style=\"color: #333333;\">Categories<\/span><\/strong> dropdown menu\u00a0(placed in the right Column top) or use the <span style=\"color: #993300;\"><strong><span style=\"color: #333333;\">Site Map<\/span><\/strong><\/span> Page (placed\u00a0far right, within the black bar, \u00a0just under the Header picture).<\/p>\n<p style=\"text-align: justify;\"><a href=\"https:\/\/i0.wp.com\/modeltalking.hobbyart.sk\/wp-content\/uploads\/2010\/09\/icon.gif\"><img loading=\"lazy\" class=\"size-full wp-image-26 alignnone\" title=\"icon\" src=\"https:\/\/i0.wp.com\/modeltalking.hobbyart.sk\/wp-content\/uploads\/2010\/09\/icon.gif?resize=24%2C15\" alt=\"\" width=\"24\" height=\"15\" data-recalc-dims=\"1\" \/><br \/>\n<\/a>M\u00f4j blog je o plastikov\u00fdch modeloch, stavan\u00ed a\/alebo porovn\u00e1van\u00ed na seba podobn\u00fdch modelov, o pozit\u00edvach a negat\u00edvach jednotliv\u00fdch modelov, dostupn\u00fdch doplnkoch\/setoch a mo\u017en\u00fdch vylep\u0161eniach. M\u00e1m r\u00e1d sp\u00e4tn\u00fa v\u00e4zbu, preto nev\u00e1hajte p\u00edsa\u0165 svoje komenty &#8211; m\u00f4\u017eete zdie\u013ea\u0165 vlastn\u00e9 n\u00e1zory, sk\u00fasenosti, postupy a tipy, ka\u017ed\u00e1 dobr\u00e1 rada je v\u00edtan\u00e1. Ka\u017ed\u00fd model\u00e1r si vysoko cen\u00ed aj podklady &#8211; fotografie a odkazy, tak\u017ee tie tu m\u00f4\u017eete tie\u017e zdie\u013ea\u0165.<br \/>\nPon\u00fakam V\u00e1m aj mo\u017enos\u0165 preda\u0165, k\u00fapi\u0165 alebo vymeni\u0165 si modely v miniburze. Ke\u010f mi po\u0161lete mailom na\u00a0<a href=\"mailto:marcel@hobbyart.sk\">marcel@hobbyart.sk<\/a> stru\u010dn\u00fd popis modelu na<span style=\"color: #333333;\">jlep\u0161ie s fot<\/span>ografiou a Va\u0161e meno resp. nick a kontakt, V\u00e1\u0161 inzer\u00e1t <strong><span style=\"color: #339966;\">bezplatne<\/span><\/strong> zverejn\u00edm v kateg\u00f3rii<strong><span style=\"color: #339966;\"> burza modelov<\/span><\/strong>. Miniburzu rob\u00edm bez n\u00e1roku na prov\u00edziu. Zatia\u013e je ur\u010den\u00e1 len pre slovensk\u00fdch model\u00e1rov kv\u00f4li relat\u00edvne vysok\u00e9mu po\u0161tovn\u00e9mu do\/zo zahrani\u010dia v porovnan\u00ed s cenou modelov z druhej ruky.\u00a0V <a href=\"http:\/\/modeltalking.hobbyart.sk\/?cat=7\" target=\"_self\">miniburze<\/a> je zatia\u013e len zop\u00e1r polo\u017eiek, vi\u010f: Kateg\u00f3rie\/Sloven-sky\/Burza modelov.<br \/>\n<strong>Ako n\u00e1js\u0165 jednotliv\u00e9 \u010dl\u00e1nky:<\/strong> Vyberte si \u017eelan\u00fa kateg\u00f3riu &#8211; pomocou roletky\u00a0<strong>Kateg\u00f3rie<\/strong> (je v pravom st\u013apci \u00faplne hore) alebo pou\u017eite\u00a0<strong>Preh\u013ead str\u00e1nky <\/strong>(je v \u010diernom p\u00e1se pod tituln\u00fdm obr\u00e1zkom \u00faplne vpravo).<\/p>\n","protected":false},"excerpt":{"rendered":"<p>My blog is about the plastic kits, building and\/or comparing similar kits, pros and cons of particular\u00a0ones, available accessories\/sets and possible upgrading. I like your feedback, so do not hesitate to comment &#8211; you can share your own opinions, experiences, &hellip; <a href=\"http:\/\/modeltalking.hobbyart.sk\/?page_id=2\">Continue reading <span class=\"meta-nav\">&rarr;<\/span><\/a><\/p>\n","protected":false},"author":1,"featured_media":0,"parent":0,"menu_order":0,"comment_status":"open","ping_status":"open","template":"","meta":{"jetpack_post_was_ever_published":false},"jetpack_shortlink":"https:\/\/wp.me\/P3opQF-2","jetpack_sharing_enabled":true,"_links":{"self":[{"href":"http:\/\/modeltalking.hobbyart.sk\/index.php?rest_route=\/wp\/v2\/pages\/2"}],"collection":[{"href":"http:\/\/modeltalking.hobbyart.sk\/index.php?rest_route=\/wp\/v2\/pages"}],"about":[{"href":"http:\/\/modeltalking.hobbyart.sk\/index.php?rest_route=\/wp\/v2\/types\/page"}],"author":[{"embeddable":true,"href":"http:\/\/modeltalking.hobbyart.sk\/index.php?rest_route=\/wp\/v2\/users\/1"}],"replies":[{"embeddable":true,"href":"http:\/\/modeltalking.hobbyart.sk\/index.php?rest_route=%2Fwp%2Fv2%2Fcomments&post=2"}],"version-history":[{"count":42,"href":"http:\/\/modeltalking.hobbyart.sk\/index.php?rest_route=\/wp\/v2\/pages\/2\/revisions"}],"predecessor-version":[{"id":12,"href":"http:\/\/modeltalking.hobbyart.sk\/index.php?rest_route=\/wp\/v2\/pages\/2\/revisions\/12"}],"wp:attachment":[{"href":"http:\/\/modeltalking.hobbyart.sk\/index.php?rest_route=%2Fwp%2Fv2%2Fmedia&parent=2"}],"curies":[{"name":"wp","href":"https:\/\/api.w.org\/{rel}","templated":true}]}}